{"id":3705,"date":"2017-10-03T16:09:22","date_gmt":"2017-10-03T14:09:22","guid":{"rendered":"https:\/\/gite-des-bartavelles.fr\/contact\/"},"modified":"2023-02-24T15:57:47","modified_gmt":"2023-02-24T14:57:47","slug":"contact","status":"publish","type":"page","link":"https:\/\/gite-des-bartavelles.fr\/en\/contact\/","title":{"rendered":"Contact"},"content":{"rendered":"<p><div class=\"fusion-fullwidth fullwidth-box fusion-builder-row-1 nonhundred-percent-fullwidth non-hundred-percent-height-scrolling\" style=\"--awb-background-position:left top;--awb-border-radius-top-left:0px;--awb-border-radius-top-right:0px;--awb-border-radius-bottom-right:0px;--awb-border-radius-bottom-left:0px;--awb-padding-top:0px;--awb-padding-bottom:25px;--awb-margin-top:0px;--awb-background-color:#403d39;--awb-border-sizes-top:0px;--awb-border-sizes-bottom:0px;--awb-flex-wrap:wrap;\" ><div class=\"fusion-builder-row fusion-row\"><div class=\"fusion-layout-column fusion_builder_column fusion-builder-column-0 fusion_builder_column_1_1 1_1 fusion-one-full fusion-column-first fusion-column-last\" style=\"--awb-padding-right:40px;--awb-padding-left:40px;--awb-bg-color:#403d39;--awb-bg-color-hover:#403d39;--awb-bg-size:cover;--awb-margin-top:50px;--awb-margin-bottom:30px;\"><div class=\"fusion-column-wrapper fusion-column-has-shadow fusion-flex-column-wrapper-legacy\"><div class=\"fusion-column-content-centered\"><div class=\"fusion-column-content\"><div class=\"fusion-text fusion-text-1\"><h1 style=\"text-align: center;\">Contacts<\/h1>\n<\/div><\/div><\/div><div class=\"fusion-clearfix\"><\/div><\/div><\/div><\/div><\/div><div class=\"fusion-fullwidth fullwidth-box fusion-builder-row-2 nonhundred-percent-fullwidth non-hundred-percent-height-scrolling\" style=\"--awb-border-radius-top-left:0px;--awb-border-radius-top-right:0px;--awb-border-radius-bottom-right:0px;--awb-border-radius-bottom-left:0px;--awb-flex-wrap:wrap;\" ><div class=\"fusion-builder-row fusion-row\"><div class=\"fusion-layout-column fusion_builder_column fusion-builder-column-1 fusion_builder_column_1_2 1_2 fusion-one-half fusion-column-first\" style=\"--awb-padding-right:0px;--awb-padding-left:0px;--awb-bg-size:cover;width:50%;width:calc(50% - ( ( 4% ) * 0.5 ) );margin-right: 4%;\"><div class=\"fusion-column-wrapper fusion-flex-column-wrapper-legacy\"><div class=\"fusion-text fusion-text-2\"><h2 style=\"text-align: right;\">Our address<\/h2>\n<\/div><div class=\"fusion-sep-clear\"><\/div><div class=\"fusion-separator fusion-full-width-sep\" style=\"margin-left: auto;margin-right: auto;margin-top:30px;width:100%;\"><\/div><div class=\"fusion-sep-clear\"><\/div><div class=\"fusion-text fusion-text-3\"><p style=\"text-align: right;\"><span style=\"color: #ffffff;\">G\u00eete d&#8217;\u00e9tape et de s\u00e9jour Les Bartavelles<\/span><\/p>\n<p style=\"text-align: right;\"><span style=\"color: #ffffff;\">51 Grand rue &#8211; 04850 Jausiers<\/span><\/p>\n<p style=\"text-align: right;\"><span style=\"color: #ffffff;\">Near Barcelonnette, Pra-loup, Sauze\/Super Sauze<\/span><\/p>\n<p style=\"text-align: right;\"><span style=\"color: #ffffff;\">Pays de l&#8217;Ubaye &#8211; Parc du Mercantour &#8211; Alpes de Haute Provence<\/span><\/p>\n<p style=\"text-align: right;\">Mobile :\u00a0 +33 7 49 10 03 66<\/p>\n<p style=\"text-align: right;\">Land Line : +33 4 92 35 08 8<span style=\"color: #ffffff;\">4<\/span><\/p>\n<p style=\"text-align: right;\"><span style=\"color: #ffffff;\">E-mail :<\/span> <a href=\"mailto:reservation.bartavelles@gmail.com\">reservation.bartavelles@gmail.com<\/a><\/p>\n<\/div><div class=\"fusion-sep-clear\"><\/div><div class=\"fusion-separator fusion-full-width-sep\" style=\"margin-left: auto;margin-right: auto;margin-top:30px;width:100%;\"><\/div><div class=\"fusion-sep-clear\"><\/div><div class=\"fusion-clearfix\"><\/div><\/div><\/div><div class=\"fusion-layout-column fusion_builder_column fusion-builder-column-2 fusion_builder_column_1_2 1_2 fusion-one-half fusion-column-last\" style=\"--awb-bg-size:cover;width:50%;width:calc(50% - ( ( 4% ) * 0.5 ) );\"><div class=\"fusion-column-wrapper fusion-flex-column-wrapper-legacy\"><div class=\"shortcode-map fusion-google-map fusion-maps-embed-type\"><iframe width=\"100%\" height=\"350px\" frameborder=\"0\" style=\"border:0\" src=\"https:\/\/www.google.com\/maps\/embed\/v1\/place?key=AIzaSyDxBKfwTfoPUZGcwujc2fJlGKYW5Jrmd3A&language=en&q=Gite+Les+bartavelles,+04850+Jausiers&maptype=roadmap&zoom=12\" allowfullscreen><\/iframe><\/div><div class=\"awb-gallery-wrapper awb-gallery-wrapper-1 button-span-no\"><div style=\"margin:-5px;--awb-bordersize:0px;\" class=\"fusion-gallery fusion-gallery-container fusion-grid-3 fusion-columns-total-1 fusion-gallery-layout-grid fusion-gallery-1\"><div style=\"padding:5px;\" class=\"fusion-grid-column fusion-gallery-column fusion-gallery-column-3 hover-type-none\"><div class=\"fusion-gallery-image\"><a href=\"https:\/\/gite-des-bartavelles.fr\/wp-content\/uploads\/2021\/06\/logo-FR-kit-com.png\" rel=\"noreferrer\" data-rel=\"iLightbox[gallery_image_1]\" class=\"fusion-lightbox\" target=\"_self\"><img decoding=\"async\" src=\"https:\/\/gite-des-bartavelles.fr\/wp-content\/uploads\/2021\/06\/logo-FR-kit-com.png\" width=\"969\" height=\"520\" alt=\"\" title=\"logo-FR-kit-com\" aria-label=\"logo-FR-kit-com\" class=\"img-responsive wp-image-5693\" srcset=\"https:\/\/gite-des-bartavelles.fr\/wp-content\/uploads\/2021\/06\/logo-FR-kit-com-200x107.png 200w, https:\/\/gite-des-bartavelles.fr\/wp-content\/uploads\/2021\/06\/logo-FR-kit-com-400x215.png 400w, https:\/\/gite-des-bartavelles.fr\/wp-content\/uploads\/2021\/06\/logo-FR-kit-com-600x322.png 600w, https:\/\/gite-des-bartavelles.fr\/wp-content\/uploads\/2021\/06\/logo-FR-kit-com-800x429.png 800w, https:\/\/gite-des-bartavelles.fr\/wp-content\/uploads\/2021\/06\/logo-FR-kit-com.png 969w\" sizes=\"(min-width: 2200px) 100vw, (min-width: 824px) 387px, (min-width: 732px) 580px, (min-width: 640px) 732px, \" \/><\/a><\/div><\/div><\/div><\/div><div class=\"fusion-clearfix\"><\/div><\/div><\/div><\/div><\/div><div class=\"fusion-fullwidth fullwidth-box fusion-builder-row-3 nonhundred-percent-fullwidth non-hundred-percent-height-scrolling\" style=\"--awb-background-position:left top;--awb-background-repeat:repeat;--awb-border-radius-top-left:0px;--awb-border-radius-top-right:0px;--awb-border-radius-bottom-right:0px;--awb-border-radius-bottom-left:0px;--awb-padding-top:80px;--awb-padding-bottom:25px;--awb-background-color:#edebe8;--awb-border-sizes-top:0px;--awb-border-sizes-bottom:0px;--awb-flex-wrap:wrap;\" ><div class=\"fusion-builder-row fusion-row\"><div class=\"fusion-layout-column fusion_builder_column fusion-builder-column-3 fusion_builder_column_1_2 1_2 fusion-one-half fusion-column-first\" style=\"--awb-padding-right:50px;--awb-padding-left:50px;--awb-bg-size:cover;width:48%; margin-right: 4%;\"><div class=\"fusion-column-wrapper fusion-flex-column-wrapper-legacy\"><div class=\"fusion-text fusion-text-4\"><h2 style=\"text-align: left;\">Contact us<\/h2>\n<\/div><div class=\"fusion-sep-clear\"><\/div><div class=\"fusion-separator fusion-full-width-sep\" style=\"margin-left: auto;margin-right: auto;margin-top:30px;width:100%;\"><\/div><div class=\"fusion-sep-clear\"><\/div><div class=\"fusion-text fusion-text-5\"><h3>For more information<br \/>\ncontact us at<br \/>\n+33 7 49 100 366 or by e-mail<\/h3>\n<\/div><div class=\"fusion-clearfix\"><\/div><\/div><\/div><div class=\"fusion-layout-column fusion_builder_column fusion-builder-column-4 fusion_builder_column_1_2 1_2 fusion-one-half fusion-column-last\" style=\"--awb-padding-right:50px;--awb-padding-left:50px;--awb-bg-size:cover;--awb-border-color:#dbd9d6;--awb-border-style:solid;width:48%;\"><div class=\"fusion-column-wrapper fusion-flex-column-wrapper-legacy\">\n<div class=\"wpcf7 no-js\" id=\"wpcf7-f2280-o1\" lang=\"fr-FR\" dir=\"ltr\">\n<div class=\"screen-reader-response\"><p role=\"status\" aria-live=\"polite\" aria-atomic=\"true\"><\/p> <ul><\/ul><\/div>\n<form action=\"\/en\/wp-json\/wp\/v2\/pages\/3705\/#wpcf7-f2280-o1\" method=\"post\" class=\"wpcf7-form init\" aria-label=\"Contact form\" novalidate=\"novalidate\" data-status=\"init\">\n<div style=\"display: none;\">\n<input type=\"hidden\" name=\"_wpcf7\" value=\"2280\" \/>\n<input type=\"hidden\" name=\"_wpcf7_version\" value=\"5.9.8\" \/>\n<input type=\"hidden\" name=\"_wpcf7_locale\" value=\"fr_FR\" \/>\n<input type=\"hidden\" name=\"_wpcf7_unit_tag\" value=\"wpcf7-f2280-o1\" \/>\n<input type=\"hidden\" name=\"_wpcf7_container_post\" value=\"0\" \/>\n<input type=\"hidden\" name=\"_wpcf7_posted_data_hash\" value=\"\" \/>\n<input type=\"hidden\" name=\"_wpcf7_recaptcha_response\" value=\"\" \/>\n<\/div>\n<p><label> Your name (required)<br \/>\n<span class=\"wpcf7-form-control-wrap\" data-name=\"your-name\"><input size=\"40\" maxlength=\"400\" class=\"wpcf7-form-control wpcf7-text wpcf7-validates-as-required\" aria-required=\"true\" aria-invalid=\"false\" value=\"\" type=\"text\" name=\"your-name\" \/><\/span> <\/label>\n<\/p>\n<p><label> Your e-mail (required)<br \/>\n<span class=\"wpcf7-form-control-wrap\" data-name=\"your-email\"><input size=\"40\" maxlength=\"400\" class=\"wpcf7-form-control wpcf7-email wpcf7-validates-as-required wpcf7-text wpcf7-validates-as-email\" aria-required=\"true\" aria-invalid=\"false\" value=\"\" type=\"email\" name=\"your-email\" \/><\/span> <\/label>\n<\/p>\n<p><label> Subject<br \/>\n<span class=\"wpcf7-form-control-wrap\" data-name=\"your-subject\"><input size=\"40\" maxlength=\"400\" class=\"wpcf7-form-control wpcf7-text\" aria-invalid=\"false\" value=\"\" type=\"text\" name=\"your-subject\" \/><\/span> <\/label>\n<\/p>\n<p><label> Your message<br \/>\n<span class=\"wpcf7-form-control-wrap\" data-name=\"your-message\"><textarea cols=\"40\" rows=\"10\" maxlength=\"2000\" class=\"wpcf7-form-control wpcf7-textarea\" aria-invalid=\"false\" name=\"your-message\"><\/textarea><\/span> <\/label>\n<\/p>\n<p><span class=\"wpcf7-form-control-wrap\" data-name=\"acceptance-142\"><span class=\"wpcf7-form-control wpcf7-acceptance\"><span class=\"wpcf7-list-item\"><input type=\"checkbox\" name=\"acceptance-142\" value=\"1\" aria-invalid=\"false\" \/><\/span><\/span><\/span> J\u2019ai lu et accepte la <a href=\"\/mentions-legales\/\" target=\"_blank\">politique de confidentialit\u00e9<\/a> de ce site.\n<\/p>\n<p><input class=\"wpcf7-form-control wpcf7-submit has-spinner\" type=\"submit\" value=\"Submit\" \/>\n<\/p><div class=\"fusion-alert alert custom alert-custom fusion-alert-center wpcf7-response-output fusion-alert-capitalize awb-alert-native-link-color alert-dismissable awb-alert-close-boxed\" style=\"--awb-border-top-left-radius:0px;--awb-border-top-right-radius:0px;--awb-border-bottom-left-radius:0px;--awb-border-bottom-right-radius:0px;\" role=\"alert\"><div class=\"fusion-alert-content-wrapper\"><span class=\"fusion-alert-content\"><\/span><\/div><button type=\"button\" class=\"close toggle-alert\" data-dismiss=\"alert\" aria-label=\"Close\">&times;<\/button><\/div>\n<\/form>\n<\/div>\n<div class=\"fusion-clearfix\"><\/div><\/div><\/div><\/div><\/div><\/p>\n","protected":false},"excerpt":{"rendered":"","protected":false},"author":1,"featured_media":0,"parent":0,"menu_order":0,"comment_status":"closed","ping_status":"closed","template":"100-width.php","meta":{"footnotes":""},"class_list":["post-3705","page","type-page","status-publish","hentry"],"yoast_head":"<!-- This site is optimized with the Yoast SEO plugin v23.5 - https:\/\/yoast.com\/wordpress\/plugins\/seo\/ -->\n<title>Contact - Les Bartavelles - G\u00eete et Chambres d\u2019h\u00f4tes \u00e0 Jausiers dans la Vall\u00e9e de l&#039;Ubaye (Barcelonnette)<\/title>\n<meta name=\"robots\" content=\"index, follow, max-snippet:-1, max-image-preview:large, max-video-preview:-1\" \/>\n<link rel=\"canonical\" href=\"https:\/\/gite-des-bartavelles.fr\/en\/contact\/\" \/>\n<meta property=\"og:locale\" content=\"en_US\" \/>\n<meta property=\"og:type\" content=\"article\" \/>\n<meta property=\"og:title\" content=\"Contact - Les Bartavelles - G\u00eete et Chambres d\u2019h\u00f4tes \u00e0 Jausiers dans la Vall\u00e9e de l&#039;Ubaye (Barcelonnette)\" \/>\n<meta property=\"og:url\" content=\"https:\/\/gite-des-bartavelles.fr\/contact\/\" \/>\n<meta property=\"og:site_name\" content=\"Les Bartavelles - G\u00eete et Chambres d\u2019h\u00f4tes \u00e0 Jausiers dans la Vall\u00e9e de l&#039;Ubaye (Barcelonnette)\" \/>\n<meta property=\"article:modified_time\" content=\"2023-02-24T14:57:47+00:00\" \/>\n<meta name=\"twitter:card\" content=\"summary_large_image\" \/>\n<meta name=\"twitter:label1\" content=\"Est. reading time\" \/>\n\t<meta name=\"twitter:data1\" content=\"6 minutes\" \/>\n<script type=\"application\/ld+json\" class=\"yoast-schema-graph\">{\"@context\":\"https:\/\/schema.org\",\"@graph\":[{\"@type\":\"WebPage\",\"@id\":\"https:\/\/gite-des-bartavelles.fr\/contact\/\",\"url\":\"https:\/\/gite-des-bartavelles.fr\/contact\/\",\"name\":\"Contact - Les Bartavelles - G\u00eete et Chambres d\u2019h\u00f4tes \u00e0 Jausiers dans la Vall\u00e9e de l&#039;Ubaye (Barcelonnette)\",\"isPartOf\":{\"@id\":\"https:\/\/gite-des-bartavelles.fr\/#website\"},\"datePublished\":\"2017-10-03T14:09:22+00:00\",\"dateModified\":\"2023-02-24T14:57:47+00:00\",\"breadcrumb\":{\"@id\":\"https:\/\/gite-des-bartavelles.fr\/contact\/#breadcrumb\"},\"inLanguage\":\"en-US\",\"potentialAction\":[{\"@type\":\"ReadAction\",\"target\":[\"https:\/\/gite-des-bartavelles.fr\/contact\/\"]}]},{\"@type\":\"BreadcrumbList\",\"@id\":\"https:\/\/gite-des-bartavelles.fr\/contact\/#breadcrumb\",\"itemListElement\":[{\"@type\":\"ListItem\",\"position\":1,\"name\":\"Accueil\",\"item\":\"https:\/\/gite-des-bartavelles.fr\/\"},{\"@type\":\"ListItem\",\"position\":2,\"name\":\"Contact\"}]},{\"@type\":\"WebSite\",\"@id\":\"https:\/\/gite-des-bartavelles.fr\/#website\",\"url\":\"https:\/\/gite-des-bartavelles.fr\/\",\"name\":\"Les Bartavelles - G\u00eete et Chambres d\u2019h\u00f4tes \u00e0 Jausiers dans la Vall\u00e9e de l&#039;Ubaye (Barcelonnette)\",\"description\":\"Les Bartavelles - G\u00eete et Chambres d\u2019h\u00f4tes \u00e0 Jausiers dans la Vall\u00e9e de l&#039;Ubaye (Barcelonnette)\",\"potentialAction\":[{\"@type\":\"SearchAction\",\"target\":{\"@type\":\"EntryPoint\",\"urlTemplate\":\"https:\/\/gite-des-bartavelles.fr\/?s={search_term_string}\"},\"query-input\":{\"@type\":\"PropertyValueSpecification\",\"valueRequired\":true,\"valueName\":\"search_term_string\"}}],\"inLanguage\":\"en-US\"}]}<\/script>\n<!-- \/ Yoast SEO plugin. -->","yoast_head_json":{"title":"Contact - Les Bartavelles - G\u00eete et Chambres d\u2019h\u00f4tes \u00e0 Jausiers dans la Vall\u00e9e de l&#039;Ubaye (Barcelonnette)","robots":{"index":"index","follow":"follow","max-snippet":"max-snippet:-1","max-image-preview":"max-image-preview:large","max-video-preview":"max-video-preview:-1"},"canonical":"https:\/\/gite-des-bartavelles.fr\/en\/contact\/","og_locale":"en_US","og_type":"article","og_title":"Contact - Les Bartavelles - G\u00eete et Chambres d\u2019h\u00f4tes \u00e0 Jausiers dans la Vall\u00e9e de l&#039;Ubaye (Barcelonnette)","og_url":"https:\/\/gite-des-bartavelles.fr\/contact\/","og_site_name":"Les Bartavelles - G\u00eete et Chambres d\u2019h\u00f4tes \u00e0 Jausiers dans la Vall\u00e9e de l&#039;Ubaye (Barcelonnette)","article_modified_time":"2023-02-24T14:57:47+00:00","twitter_card":"summary_large_image","twitter_misc":{"Est. reading time":"6 minutes"},"schema":{"@context":"https:\/\/schema.org","@graph":[{"@type":"WebPage","@id":"https:\/\/gite-des-bartavelles.fr\/contact\/","url":"https:\/\/gite-des-bartavelles.fr\/contact\/","name":"Contact - Les Bartavelles - G\u00eete et Chambres d\u2019h\u00f4tes \u00e0 Jausiers dans la Vall\u00e9e de l&#039;Ubaye (Barcelonnette)","isPartOf":{"@id":"https:\/\/gite-des-bartavelles.fr\/#website"},"datePublished":"2017-10-03T14:09:22+00:00","dateModified":"2023-02-24T14:57:47+00:00","breadcrumb":{"@id":"https:\/\/gite-des-bartavelles.fr\/contact\/#breadcrumb"},"inLanguage":"en-US","potentialAction":[{"@type":"ReadAction","target":["https:\/\/gite-des-bartavelles.fr\/contact\/"]}]},{"@type":"BreadcrumbList","@id":"https:\/\/gite-des-bartavelles.fr\/contact\/#breadcrumb","itemListElement":[{"@type":"ListItem","position":1,"name":"Accueil","item":"https:\/\/gite-des-bartavelles.fr\/"},{"@type":"ListItem","position":2,"name":"Contact"}]},{"@type":"WebSite","@id":"https:\/\/gite-des-bartavelles.fr\/#website","url":"https:\/\/gite-des-bartavelles.fr\/","name":"Les Bartavelles - G\u00eete et Chambres d\u2019h\u00f4tes \u00e0 Jausiers dans la Vall\u00e9e de l&#039;Ubaye (Barcelonnette)","description":"Les Bartavelles - G\u00eete et Chambres d\u2019h\u00f4tes \u00e0 Jausiers dans la Vall\u00e9e de l&#039;Ubaye (Barcelonnette)","potentialAction":[{"@type":"SearchAction","target":{"@type":"EntryPoint","urlTemplate":"https:\/\/gite-des-bartavelles.fr\/?s={search_term_string}"},"query-input":{"@type":"PropertyValueSpecification","valueRequired":true,"valueName":"search_term_string"}}],"inLanguage":"en-US"}]}},"_links":{"self":[{"href":"https:\/\/gite-des-bartavelles.fr\/en\/wp-json\/wp\/v2\/pages\/3705\/"}],"collection":[{"href":"https:\/\/gite-des-bartavelles.fr\/en\/wp-json\/wp\/v2\/pages\/"}],"about":[{"href":"https:\/\/gite-des-bartavelles.fr\/en\/wp-json\/wp\/v2\/types\/page\/"}],"author":[{"embeddable":true,"href":"https:\/\/gite-des-bartavelles.fr\/en\/wp-json\/wp\/v2\/users\/1\/"}],"replies":[{"embeddable":true,"href":"https:\/\/gite-des-bartavelles.fr\/en\/wp-json\/wp\/v2\/comments\/?post=3705"}],"version-history":[{"count":17,"href":"https:\/\/gite-des-bartavelles.fr\/en\/wp-json\/wp\/v2\/pages\/3705\/revisions\/"}],"predecessor-version":[{"id":6106,"href":"https:\/\/gite-des-bartavelles.fr\/en\/wp-json\/wp\/v2\/pages\/3705\/revisions\/6106\/"}],"wp:attachment":[{"href":"https:\/\/gite-des-bartavelles.fr\/en\/wp-json\/wp\/v2\/media\/?parent=3705"}],"curies":[{"name":"wp","href":"https:\/\/api.w.org\/{rel}","templated":true}]}}