{"id":3771,"date":"2017-10-23T21:31:06","date_gmt":"2017-10-23T19:31:06","guid":{"rendered":"https:\/\/gite-des-bartavelles.fr\/mentions-legales\/"},"modified":"2023-02-21T15:24:31","modified_gmt":"2023-02-21T14:24:31","slug":"mentions-legales","status":"publish","type":"page","link":"https:\/\/gite-des-bartavelles.fr\/en\/mentions-legales\/","title":{"rendered":"Mentions L\u00e9gales"},"content":{"rendered":"<div class=\"fusion-fullwidth fullwidth-box fusion-builder-row-1 nonhundred-percent-fullwidth non-hundred-percent-height-scrolling\" style=\"--awb-border-radius-top-left:0px;--awb-border-radius-top-right:0px;--awb-border-radius-bottom-right:0px;--awb-border-radius-bottom-left:0px;--awb-flex-wrap:wrap;\" ><div class=\"fusion-builder-row fusion-row\"><div class=\"fusion-layout-column fusion_builder_column fusion-builder-column-0 fusion_builder_column_1_1 1_1 fusion-one-full fusion-column-first fusion-column-last\" style=\"--awb-bg-size:cover;--awb-margin-bottom:0px;\"><div class=\"fusion-column-wrapper fusion-flex-column-wrapper-legacy\"><div class=\"fusion-sep-clear\"><\/div><div class=\"fusion-separator fusion-full-width-sep\" style=\"margin-left: auto;margin-right: auto;margin-top:30px;width:100%;\"><\/div><div class=\"fusion-sep-clear\"><\/div><div class=\"fusion-sep-clear\"><\/div><div class=\"fusion-separator fusion-full-width-sep\" style=\"margin-left: auto;margin-right: auto;margin-top:30px;width:100%;\"><\/div><div class=\"fusion-sep-clear\"><\/div><div class=\"fusion-text fusion-text-1\"><h1 class=\"p1\" style=\"text-align: center;\"><span class=\"s1\">Mentions L\u00e9gales<\/span><\/h1>\n<h2 class=\"p1\"><span class=\"s1\">Identification et publication<\/span><\/h2>\n<p class=\"p2\"><span class=\"s1\" style=\"color: #ffffff;\">Il est pr\u00e9cis\u00e9 aux Utilisateurs du site www.gite-des-bartavelles.fr l\u2019identit\u00e9 des diff\u00e9rents intervenants dans le cadre de sa r\u00e9alisation et de son suivi :<\/span><\/p>\n<p class=\"p2\"><span class=\"s1\" style=\"color: #ffffff;\">Le pr\u00e9sent site est publi\u00e9 par : GITE LES BARTAVELLES<\/span><\/p>\n<p class=\"p2\"><span class=\"s1\" style=\"color: #ffffff;\">Num\u00e9ro de t\u00e9l\u00e9phone : 06 49 100 366<\/span><\/p>\n<p class=\"p2\"><span class=\"s1\" style=\"color: #ffffff;\">Directeur de la publication : Lionel CANNET<\/span><\/p>\n<h2 class=\"p1\"><span class=\"s1\">Marques<\/span><\/h2>\n<p class=\"p2\"><span class=\"s1\" style=\"color: #ffffff;\">Les marques et logos de la soci\u00e9t\u00e9 GITE LES BARTAVELLES figurant sur le site sont des marques et logos d\u00e9pos\u00e9es. Toute reproduction totale ou partielle de ces marques et logos sans autorisation expresse de la soci\u00e9t\u00e9 GITE LES BARTAVELLES est prohib\u00e9e.<\/span><\/p>\n<h2 class=\"p1\"><span class=\"s1\">H\u00e9bergeur<\/span><\/h2>\n<p class=\"p2\"><span class=\"s1\" style=\"color: #ffffff;\">L\u2019h\u00e9bergement est assur\u00e9 par la soci\u00e9t\u00e9\u00a0OVH dont le si\u00e8ge social est sis 2 rue Kellermann \u2013 59100 Roubaix \u2013 France.<\/span><\/p>\n<p class=\"p2\"><span class=\"s1\" style=\"color: #ffffff;\">Num\u00e9ro de t\u00e9l\u00e9phone de l\u2019h\u00e9bergeur 08 203 203 63 \u2013 n\u00b0 indigo (0,118 \u20ac\/min).<\/span><\/p>\n<h2 class=\"p1\"><span class=\"s1\"><b>Cookies<\/b><\/span><\/h2>\n<p class=\"p2\"><span class=\"s1\" style=\"color: #ffffff;\">Lors de la consultation du site internet, des cookies peuvent \u00eatre utilis\u00e9s pour traiter des donn\u00e9es relatives \u00e0 votre exp\u00e9rience de navigation. Ces donn\u00e9es sont utilis\u00e9es pour am\u00e9liorer nos services et et l&#8217;utilisation du site internet.<\/span><\/p>\n<p class=\"p2\"><span class=\"s1\" style=\"color: #ffffff;\">En continuant \u00e0 naviguer sur le site internet, vous acceptez l\u2019utilisation des cookies suivants :<\/span><\/p>\n<p class=\"p2\"><span style=\"color: #ffffff;\"><span class=\"s2\">Les cookies servant au bon fonctionnement du site :<\/span><span class=\"s1\"> m\u00e9moriser les pr\u00e9f\u00e9rences d\u2019affichage (param\u00e8tres d\u2019affichage, langues) pour vos futures visites, les acc\u00e8s \u00e0 votre compte personnel si le site dispose d\u2019un espace membre, l\u2019affichage de cartes interactives et la liaison des pages entres elles pour assurer une navigation fluide.<\/span><\/span><\/p>\n<p class=\"p2\"><span style=\"color: #ffffff;\"><span class=\"s2\">Les cookies de mesure d\u2019audience :<\/span><span class=\"s1\"> Ils nous permettent de cr\u00e9er des statistiques de fr\u00e9quentation des pages en mesurant le nombre de visites sur chacune d\u2019elles, pour am\u00e9liorer notre service et d\u00e9tecter des dysfonctionnements.<\/span><\/span><\/p>\n<p class=\"p2\"><span style=\"color: #ffffff;\"><span class=\"s2\">Les cookies sociaux :<\/span><span class=\"s1\"> Le partage de contenus par les utilisateurs du site peut-\u00eatre r\u00e9alis\u00e9 \u00e0 l\u2019aide d\u2019application tierces telles que \u00ab Facebook \u00bb, \u00ab Twitter \u00bb ou \u00ab Linkedin \u00bb. Ainsi le r\u00e9seaux sociaux fournissant l\u2019outil de partage est susceptible de vous identifier gr\u00e2ce \u00e0 ses propres cookies.<\/span><\/span><\/p>\n<p class=\"p2\"><span style=\"color: #ffffff;\"><span class=\"s2\">Les cookies de langages :<\/span><span class=\"s1\"> Si le site internet est propos\u00e9 en diff\u00e9rents langages, nous utilisons des cookies pour identifier la langue actuelle du visiteur, la langue derni\u00e8rement consult\u00e9e et la langue des utilisateurs qui se sont connect\u00e9s.<\/span><\/span><\/p>\n<p class=\"p2\"><span style=\"color: #ffffff;\"><span class=\"s2\">Les cookies reCAPTCHA :<\/span><span class=\"s1\"> Nous utilisons le service reCAPTCHA de Google Inc. (Google) pour prot\u00e9ger les entr\u00e9es des formulaires sur votre site. Ce service est utilis\u00e9 pour diff\u00e9rencier les entr\u00e9es faites par un \u00eatre humain des abus automatis\u00e9s. Cela implique l&#8217;envoi de l&#8217;adresse IP et \u00e9ventuellement d&#8217;autres donn\u00e9es requises par Google pour le service reCAPTCHA. \u00c0 cette fin, vos donn\u00e9es seront communiqu\u00e9es \u00e0 Google et utilis\u00e9es par leurs services. Toutefois, votre adresse IP sera pr\u00e9alablement raccourcie par Google dans les \u00c9tats membres de l&#8217;Union europ\u00e9enne &#8211; ou dans d&#8217;autres \u00c9tats qui font partie de l&#8217;accord sur l&#8217;Espace \u00e9conomique europ\u00e9en &#8211; et sera ainsi anonyme.<\/span><\/span><\/p>\n<p class=\"p2\"><span class=\"s1\" style=\"color: #ffffff;\">Pour plus d&#8217;informations concernant la politique de confidentialit\u00e9 de Google, rendez-vous sur la page :\u00a0https:\/\/policies.google.com\/privacy?hl=fr<\/span><\/p>\n<p class=\"p2\"><span class=\"s2\" style=\"color: #ffffff;\">Pour d\u00e9sactiver les cookies, vous pouvez effectuer les actions ci-dessous :<\/span><\/p>\n<p class=\"p2\"><span class=\"s1\" style=\"color: #ffffff;\">Vous pouvez d\u00e9sactiver compl\u00e8tement les cookies dans votre navigateur. Dans ce cas notre site ne fonctionnera plus normalement mais vous pourrez quand m\u00eame effectuer des actions basiques.<\/span><\/p>\n<p class=\"p2\"><span class=\"s1\" style=\"color: #ffffff;\">1\/ si vous utilisez le navigateur Internet Explorer<br \/>\n&#8211; Dans Internet Explorer, cliquez sur le bouton \u00ab\u00a0Outils\u00a0\u00bb, puis sur \u00ab\u00a0Options Internet\u00a0\u00bb.<br \/>\n&#8211; Sous l\u2019onglet Confidentialit\u00e9 d\u00e9placez le curseur vers le haut pour bloquer tous les cookies ou vers le bas pour autoriser tous les cookies, puis cliquez sur OK.<\/span><\/p>\n<p class=\"p2\"><span class=\"s1\" style=\"color: #ffffff;\">2\/ si vous utilisez le navigateur Firefox<br \/>\n&#8211; Allez dans le menu \u00ab\u00a0Outils\u00a0\u00bb du navigateur puis s\u00e9lectionnez le menu \u00ab\u00a0Options\u00a0\u00bb<br \/>\n&#8211; Cliquez sur l\u2019onglet \u00ab\u00a0vie priv\u00e9e\u00a0\u00bb, d\u00e9cochez la case \u00ab\u00a0Accepter les cookies\u00a0\u00bb puis cliquez sur OK.<\/span><\/p>\n<p class=\"p2\"><span class=\"s1\" style=\"color: #ffffff;\">3\/ si vous utilisez le navigateur Safari<br \/>\n&#8211; Dans votre navigateur, choisissez le menu \u00ab\u00a0\u00c9dition\u00a0\u00bb puis s\u00e9lectionnez \u00ab\u00a0Pr\u00e9f\u00e9rences\u00a0\u00bb.<br \/>\n&#8211; Cliquez sur \u00ab\u00a0Confidentialit\u00e9\u00a0\u00bb.<br \/>\n&#8211; Positionner le r\u00e9glage \u00ab\u00a0Bloquer les cookies\u00a0\u00bb sur \u00ab\u00a0Toujours\u00a0\u00bb puis cliquez sur OK.<\/span><\/p>\n<p class=\"p2\"><span class=\"s1\" style=\"color: #ffffff;\">4\/ si vous utilisez le navigateur Google Chrome<br \/>\n&#8211; Cliquez sur le menu Chrome dans la barre d&#8217;outils du navigateur.<br \/>\n&#8211; S\u00e9lectionnez \u00ab\u00a0Param\u00e8tres\u00a0\u00bb.<br \/>\n&#8211; Cliquez sur \u00ab\u00a0Afficher les param\u00e8tres avanc\u00e9s\u00a0\u00bb.<br \/>\n&#8211; Dans la section \u00ab\u00a0Confidentialit\u00e9\u00a0\u00bb, cliquez sur le bouton \u00ab\u00a0Param\u00e8tres de contenu\u00a0\u00bb.<br \/>\n&#8211; Dans la section \u00ab Cookies \u00bb, s\u00e9lectionner \u00ab Interdire \u00e0 tous les sites de stocker des donn\u00e9es \u00bb et cochez la case \u00ab Bloquer les cookies et les donn\u00e9es de site tiers \u00bb, puis cliquez sur OK.<\/span><\/p>\n<h2 class=\"p1\"><span class=\"s1\"><b>Protection de la vie priv\u00e9e<\/b><\/span><\/h2>\n<p class=\"p2\"><span class=\"s1\" style=\"color: #ffffff;\">\u2013 Quelles donn\u00e9es personnelles sont collect\u00e9es :<\/span><\/p>\n<p class=\"p2\"><span class=\"s1\" style=\"color: #ffffff;\">Si notre site ne propose pas de comptes utilisateurs, alors aucun enregistrement nominatif \u00e0 ses visiteurs n\u2019est r\u00e9alis\u00e9 pour la simple consultation des pages. Cependant, pour la cr\u00e9ation d\u2019un compte ou l\u2019utilisation d\u2019un formulaire de contact, de paiement en ligne, vous pouvez-\u00eatre invit\u00e9 \u00e0 renseigner des donn\u00e9es personnelles (pr\u00e9nom, nom, email, t\u00e9l\u00e9phone, adresse\u2026) le caract\u00e8re obligatoire de ses donn\u00e9es vous est pr\u00e9cis\u00e9 \u00e0 l\u2019aide d\u2019une ast\u00e9risque.<\/span><\/p>\n<p class=\"p2\"><span class=\"s1\" style=\"color: #ffffff;\">Votre adresse IP peut aussi \u00eatre collect\u00e9e pour nous aider \u00e0 d\u00e9tecter les commentaires et\/ou avis ind\u00e9sirables.<\/span><\/p>\n<p class=\"p2\"><span class=\"s1\" style=\"color: #ffffff;\">\u2013 Des donn\u00e9es sont collect\u00e9es durant les actions suivantes<span class=\"Apple-converted-space\">\u00a0 <\/span>:<\/span><\/p>\n<ul class=\"ul1\">\n<li class=\"li3\"><span class=\"s1\" style=\"color: #ffffff;\">La cr\u00e9ation et l\u2019utilisation d\u2019un compte personnel,<\/span><\/li>\n<li class=\"li3\"><span class=\"s1\" style=\"color: #ffffff;\">La r\u00e9alisation d\u2019une transaction en ligne (demande de rendez-vous, demande de r\u00e9servation \u00e0 l\u2019aide d\u2019une formulaire de contact),<\/span><\/li>\n<li class=\"li3\"><span class=\"s1\" style=\"color: #ffffff;\">L\u2019utilisation du formulaire de contact, livre d\u2019or et\/ou commentaires,<\/span><\/li>\n<li class=\"li3\"><span class=\"s1\" style=\"color: #ffffff;\">La navigation sur le site internet et la consultation des pages,<\/span><\/li>\n<\/ul>\n<p class=\"p2\"><span class=\"s1\" style=\"color: #ffffff;\">\u2013 Contenus embarqu\u00e9s depuis d\u2019autres sites :<\/span><\/p>\n<p class=\"p2\"><span class=\"s1\" style=\"color: #ffffff;\">Les pages de ce site peuvent inclure des contenus int\u00e9gr\u00e9s (par exemple des vid\u00e9os, images, articles\u2026). Le contenu int\u00e9gr\u00e9 depuis d\u2019autres sites se comporte de la m\u00eame mani\u00e8re que si le visiteur se rendait sur cet autre site.<\/span><\/p>\n<p class=\"p2\"><span class=\"s1\" style=\"color: #ffffff;\">Ces sites web peuvent alors collecter des donn\u00e9es sur vous, utiliser des cookies, embarquer des outils de suivis tiers, suivre vos interactions avec ces contenus embarqu\u00e9s si vous disposez d\u2019un compte connect\u00e9 sur leur site web.<\/span><\/p>\n<p class=\"p2\"><span class=\"s1\" style=\"color: #ffffff;\">\u2013 Combien de temps vos donn\u00e9es sont conserv\u00e9es ?<\/span><\/p>\n<p class=\"p2\"><span class=\"s1\" style=\"color: #ffffff;\">Si vous avez \u00e9t\u00e9 amen\u00e9 \u00e0 cr\u00e9er un compte utilisateur, ou \u00e0 utiliser un formulaire de contact ou de r\u00e9servation, vos donn\u00e9es sont stock\u00e9es pour une p\u00e9riode maximale de 3 ans \u00e0 compter de la derni\u00e8re prise de contact et\/ou trace d\u2019activit\u00e9 sur votre compte.<\/span><\/p>\n<p class=\"p2\"><span class=\"s1\" style=\"color: #ffffff;\">Si vous avez \u00e9t\u00e9 amen\u00e9s \u00e0 r\u00e9aliser une transaction en ligne, les donn\u00e9es de vos commandes sont conserv\u00e9es durant l\u2019execution de cette derni\u00e8re et durant la p\u00e9riode n\u00e9cessaire \u00e0 des fins probatoire et de gestion des contentieux.<\/span><\/p>\n<p class=\"p2\"><span class=\"s1\" style=\"color: #ffffff;\">\u2013 Avec qui partageons nous vos donn\u00e9es ?<\/span><\/p>\n<p class=\"p2\"><span class=\"s1\" style=\"color: #ffffff;\">Vos donn\u00e9es ne sont partag\u00e9es avec aucune tierce partie et soci\u00e9t\u00e9 partenaires.<\/span><\/p>\n<p class=\"p2\"><span class=\"s1\" style=\"color: #ffffff;\">\u2013 Comment exercer mon droit \u00e0 la modification et suppression de mes donn\u00e9es ?<\/span><\/p>\n<p class=\"p2\"><span class=\"s1\" style=\"color: #ffffff;\">Conform\u00e9ment \u00e0 la loi Informatique et Libert\u00e9s du 6 janvier 1978 modifi\u00e9e, vous disposez de droits d&#8217;acc\u00e8s, de rectification, d&#8217;effacement, d&#8217;opposition au ou de limitation du traitement de vos donn\u00e9es, de retrait de votre consentement. Vous pouvez r\u00e9aliser votre demande directement \u00e0 l\u2019aide du formulaire de contact du site internet.<\/span><\/p>\n<h2 class=\"p1\"><span class=\"s1\"><b>Date de la derni\u00e8re mise \u00e0 jour<\/b><\/span><\/h2>\n<p class=\"p2\"><span class=\"s1\" style=\"color: #ffffff;\">La derni\u00e8re mise \u00e0 jour de ces mentions l\u00e9gales, politique de confidentialit\u00e9 et conditions d\u2019utilisation sont en date du 25\/03\/2019.<\/span><\/p>\n<\/div><div class=\"fusion-clearfix\"><\/div><\/div><\/div><\/div><\/div>\n","protected":false},"excerpt":{"rendered":"","protected":false},"author":1,"featured_media":0,"parent":0,"menu_order":0,"comment_status":"closed","ping_status":"closed","template":"","meta":{"footnotes":""},"class_list":["post-3771","page","type-page","status-publish","hentry"],"yoast_head":"<!-- This site is optimized with the Yoast SEO plugin v23.5 - https:\/\/yoast.com\/wordpress\/plugins\/seo\/ -->\n<title>Mentions L\u00e9gales - Les Bartavelles - G\u00eete et Chambres d\u2019h\u00f4tes \u00e0 Jausiers dans la Vall\u00e9e de l&#039;Ubaye (Barcelonnette)<\/title>\n<meta name=\"robots\" content=\"index, follow, max-snippet:-1, max-image-preview:large, max-video-preview:-1\" \/>\n<link rel=\"canonical\" href=\"https:\/\/gite-des-bartavelles.fr\/en\/mentions-legales\/\" \/>\n<meta property=\"og:locale\" content=\"en_US\" \/>\n<meta property=\"og:type\" content=\"article\" \/>\n<meta property=\"og:title\" content=\"Mentions L\u00e9gales - Les Bartavelles - G\u00eete et Chambres d\u2019h\u00f4tes \u00e0 Jausiers dans la Vall\u00e9e de l&#039;Ubaye (Barcelonnette)\" \/>\n<meta property=\"og:url\" content=\"https:\/\/gite-des-bartavelles.fr\/mentions-legales\/\" \/>\n<meta property=\"og:site_name\" content=\"Les Bartavelles - G\u00eete et Chambres d\u2019h\u00f4tes \u00e0 Jausiers dans la Vall\u00e9e de l&#039;Ubaye (Barcelonnette)\" \/>\n<meta property=\"article:modified_time\" content=\"2023-02-21T14:24:31+00:00\" \/>\n<meta name=\"twitter:card\" content=\"summary_large_image\" \/>\n<meta name=\"twitter:label1\" content=\"Est. reading time\" \/>\n\t<meta name=\"twitter:data1\" content=\"7 minutes\" \/>\n<script type=\"application\/ld+json\" class=\"yoast-schema-graph\">{\"@context\":\"https:\/\/schema.org\",\"@graph\":[{\"@type\":\"WebPage\",\"@id\":\"https:\/\/gite-des-bartavelles.fr\/mentions-legales\/\",\"url\":\"https:\/\/gite-des-bartavelles.fr\/mentions-legales\/\",\"name\":\"Mentions L\u00e9gales - Les Bartavelles - G\u00eete et Chambres d\u2019h\u00f4tes \u00e0 Jausiers dans la Vall\u00e9e de l&#039;Ubaye (Barcelonnette)\",\"isPartOf\":{\"@id\":\"https:\/\/gite-des-bartavelles.fr\/#website\"},\"datePublished\":\"2017-10-23T19:31:06+00:00\",\"dateModified\":\"2023-02-21T14:24:31+00:00\",\"breadcrumb\":{\"@id\":\"https:\/\/gite-des-bartavelles.fr\/mentions-legales\/#breadcrumb\"},\"inLanguage\":\"en-US\",\"potentialAction\":[{\"@type\":\"ReadAction\",\"target\":[\"https:\/\/gite-des-bartavelles.fr\/mentions-legales\/\"]}]},{\"@type\":\"BreadcrumbList\",\"@id\":\"https:\/\/gite-des-bartavelles.fr\/mentions-legales\/#breadcrumb\",\"itemListElement\":[{\"@type\":\"ListItem\",\"position\":1,\"name\":\"Accueil\",\"item\":\"https:\/\/gite-des-bartavelles.fr\/\"},{\"@type\":\"ListItem\",\"position\":2,\"name\":\"Mentions L\u00e9gales\"}]},{\"@type\":\"WebSite\",\"@id\":\"https:\/\/gite-des-bartavelles.fr\/#website\",\"url\":\"https:\/\/gite-des-bartavelles.fr\/\",\"name\":\"Les Bartavelles - G\u00eete et Chambres d\u2019h\u00f4tes \u00e0 Jausiers dans la Vall\u00e9e de l&#039;Ubaye (Barcelonnette)\",\"description\":\"Les Bartavelles - G\u00eete et Chambres d\u2019h\u00f4tes \u00e0 Jausiers dans la Vall\u00e9e de l&#039;Ubaye (Barcelonnette)\",\"potentialAction\":[{\"@type\":\"SearchAction\",\"target\":{\"@type\":\"EntryPoint\",\"urlTemplate\":\"https:\/\/gite-des-bartavelles.fr\/?s={search_term_string}\"},\"query-input\":{\"@type\":\"PropertyValueSpecification\",\"valueRequired\":true,\"valueName\":\"search_term_string\"}}],\"inLanguage\":\"en-US\"}]}<\/script>\n<!-- \/ Yoast SEO plugin. -->","yoast_head_json":{"title":"Mentions L\u00e9gales - Les Bartavelles - G\u00eete et Chambres d\u2019h\u00f4tes \u00e0 Jausiers dans la Vall\u00e9e de l&#039;Ubaye (Barcelonnette)","robots":{"index":"index","follow":"follow","max-snippet":"max-snippet:-1","max-image-preview":"max-image-preview:large","max-video-preview":"max-video-preview:-1"},"canonical":"https:\/\/gite-des-bartavelles.fr\/en\/mentions-legales\/","og_locale":"en_US","og_type":"article","og_title":"Mentions L\u00e9gales - Les Bartavelles - G\u00eete et Chambres d\u2019h\u00f4tes \u00e0 Jausiers dans la Vall\u00e9e de l&#039;Ubaye (Barcelonnette)","og_url":"https:\/\/gite-des-bartavelles.fr\/mentions-legales\/","og_site_name":"Les Bartavelles - G\u00eete et Chambres d\u2019h\u00f4tes \u00e0 Jausiers dans la Vall\u00e9e de l&#039;Ubaye (Barcelonnette)","article_modified_time":"2023-02-21T14:24:31+00:00","twitter_card":"summary_large_image","twitter_misc":{"Est. reading time":"7 minutes"},"schema":{"@context":"https:\/\/schema.org","@graph":[{"@type":"WebPage","@id":"https:\/\/gite-des-bartavelles.fr\/mentions-legales\/","url":"https:\/\/gite-des-bartavelles.fr\/mentions-legales\/","name":"Mentions L\u00e9gales - Les Bartavelles - G\u00eete et Chambres d\u2019h\u00f4tes \u00e0 Jausiers dans la Vall\u00e9e de l&#039;Ubaye (Barcelonnette)","isPartOf":{"@id":"https:\/\/gite-des-bartavelles.fr\/#website"},"datePublished":"2017-10-23T19:31:06+00:00","dateModified":"2023-02-21T14:24:31+00:00","breadcrumb":{"@id":"https:\/\/gite-des-bartavelles.fr\/mentions-legales\/#breadcrumb"},"inLanguage":"en-US","potentialAction":[{"@type":"ReadAction","target":["https:\/\/gite-des-bartavelles.fr\/mentions-legales\/"]}]},{"@type":"BreadcrumbList","@id":"https:\/\/gite-des-bartavelles.fr\/mentions-legales\/#breadcrumb","itemListElement":[{"@type":"ListItem","position":1,"name":"Accueil","item":"https:\/\/gite-des-bartavelles.fr\/"},{"@type":"ListItem","position":2,"name":"Mentions L\u00e9gales"}]},{"@type":"WebSite","@id":"https:\/\/gite-des-bartavelles.fr\/#website","url":"https:\/\/gite-des-bartavelles.fr\/","name":"Les Bartavelles - G\u00eete et Chambres d\u2019h\u00f4tes \u00e0 Jausiers dans la Vall\u00e9e de l&#039;Ubaye (Barcelonnette)","description":"Les Bartavelles - G\u00eete et Chambres d\u2019h\u00f4tes \u00e0 Jausiers dans la Vall\u00e9e de l&#039;Ubaye (Barcelonnette)","potentialAction":[{"@type":"SearchAction","target":{"@type":"EntryPoint","urlTemplate":"https:\/\/gite-des-bartavelles.fr\/?s={search_term_string}"},"query-input":{"@type":"PropertyValueSpecification","valueRequired":true,"valueName":"search_term_string"}}],"inLanguage":"en-US"}]}},"_links":{"self":[{"href":"https:\/\/gite-des-bartavelles.fr\/en\/wp-json\/wp\/v2\/pages\/3771\/"}],"collection":[{"href":"https:\/\/gite-des-bartavelles.fr\/en\/wp-json\/wp\/v2\/pages\/"}],"about":[{"href":"https:\/\/gite-des-bartavelles.fr\/en\/wp-json\/wp\/v2\/types\/page\/"}],"author":[{"embeddable":true,"href":"https:\/\/gite-des-bartavelles.fr\/en\/wp-json\/wp\/v2\/users\/1\/"}],"replies":[{"embeddable":true,"href":"https:\/\/gite-des-bartavelles.fr\/en\/wp-json\/wp\/v2\/comments\/?post=3771"}],"version-history":[{"count":5,"href":"https:\/\/gite-des-bartavelles.fr\/en\/wp-json\/wp\/v2\/pages\/3771\/revisions\/"}],"predecessor-version":[{"id":5947,"href":"https:\/\/gite-des-bartavelles.fr\/en\/wp-json\/wp\/v2\/pages\/3771\/revisions\/5947\/"}],"wp:attachment":[{"href":"https:\/\/gite-des-bartavelles.fr\/en\/wp-json\/wp\/v2\/media\/?parent=3771"}],"curies":[{"name":"wp","href":"https:\/\/api.w.org\/{rel}","templated":true}]}}