{"id":5108,"date":"2019-03-18T11:54:22","date_gmt":"2019-03-18T10:54:22","guid":{"rendered":"https:\/\/gite-des-bartavelles.fr\/notre-table-dhote\/"},"modified":"2025-03-28T15:31:27","modified_gmt":"2025-03-28T14:31:27","slug":"our-table","status":"publish","type":"page","link":"https:\/\/gite-des-bartavelles.fr\/en\/our-table\/","title":{"rendered":"Our table"},"content":{"rendered":"<p><div class=\"fusion-fullwidth fullwidth-box fusion-builder-row-1 nonhundred-percent-fullwidth non-hundred-percent-height-scrolling\" style=\"--awb-background-position:left top;--awb-border-sizes-top:0px;--awb-border-sizes-bottom:0px;--awb-border-sizes-left:0px;--awb-border-sizes-right:0px;--awb-border-radius-top-left:0px;--awb-border-radius-top-right:0px;--awb-border-radius-bottom-right:0px;--awb-border-radius-bottom-left:0px;--awb-padding-top:0px;--awb-padding-bottom:25px;--awb-background-color:#403d39;--awb-flex-wrap:wrap;\" ><div class=\"fusion-builder-row fusion-row\"><div class=\"fusion-layout-column fusion_builder_column fusion-builder-column-0 fusion_builder_column_1_1 1_1 fusion-one-full fusion-column-first fusion-column-last\" style=\"--awb-padding-right:40px;--awb-padding-left:40px;--awb-bg-color:#403d39;--awb-bg-color-hover:#403d39;--awb-bg-size:cover;--awb-margin-top:50px;--awb-margin-bottom:30px;\"><div class=\"fusion-column-wrapper fusion-column-has-shadow fusion-flex-column-wrapper-legacy\"><div class=\"fusion-column-content-centered\"><div class=\"fusion-column-content\"><div class=\"fusion-text fusion-text-1\"><h1 style=\"text-align: center;\"><span style=\"color: #e56d25;\">Our table<\/span><\/h1>\n<\/div><\/div><\/div><div class=\"fusion-clearfix\"><\/div><\/div><\/div><\/div><\/div><div class=\"fusion-fullwidth fullwidth-box fusion-builder-row-2 nonhundred-percent-fullwidth non-hundred-percent-height-scrolling\" style=\"--awb-border-radius-top-left:0px;--awb-border-radius-top-right:0px;--awb-border-radius-bottom-right:0px;--awb-border-radius-bottom-left:0px;--awb-flex-wrap:wrap;\" ><div class=\"fusion-builder-row fusion-row\"><div class=\"fusion-layout-column fusion_builder_column fusion-builder-column-1 fusion_builder_column_1_2 1_2 fusion-one-half fusion-column-first fusion-animated\" style=\"--awb-bg-size:cover;width:50%;width:calc(50% - ( ( 4% ) * 0.5 ) );margin-right: 4%;\" data-animationType=\"fadeInLeft\" data-animationDuration=\"0.8\" data-animationOffset=\"top-into-view\"><div class=\"fusion-column-wrapper fusion-flex-column-wrapper-legacy\"><div class=\"fusion-text fusion-text-2\"><p><span style=\"color: #ffffff;\"><strong>My conception of the table<\/strong><\/span><\/p>\n<p><span style=\"color: #ffffff;\">Take a well packed measure of fresh love, a good dose of availability mixed with a few grams of softness and calm.<\/span><\/p>\n<p><span style=\"color: #ffffff;\">Add a little firmness, look for a little good will, add dialogue, service menus, thanks well placed, giving of oneself without return.<\/span><\/p>\n<p><span style=\"color: #ffffff;\">In softness, let simmer long &#8230; in patience. Before presenting your dish, flamb\u00e9 it in joy and, if possible, in a big out pouring of generosity.<\/span><\/p>\n<p><span style=\"color: #ffffff;\">Complete with a little glass of humor and a lot of LOVE. And you will get a tasty combination of very high quality.<\/span><\/p>\n<\/div><div class=\"fusion-clearfix\"><\/div><\/div><\/div><div class=\"fusion-layout-column fusion_builder_column fusion-builder-column-2 fusion_builder_column_1_2 1_2 fusion-one-half fusion-column-last fusion-animated\" style=\"--awb-bg-size:cover;width:50%;width:calc(50% - ( ( 4% ) * 0.5 ) );\" data-animationType=\"fadeInRight\" data-animationDuration=\"0.8\" data-animationOffset=\"top-into-view\"><div class=\"fusion-column-wrapper fusion-flex-column-wrapper-legacy\"><ul style=\"--awb-size:18px;--awb-iconcolor:#e56d25;--awb-line-height:30.6px;--awb-icon-width:30.6px;--awb-icon-height:30.6px;--awb-icon-margin:12.6px;--awb-content-margin:43.2px;\" class=\"fusion-checklist fusion-checklist-1 fusion-checklist-default type-icons\"><li class=\"fusion-li-item\" style=\"\"><span class=\"icon-wrapper circle-no\"><i class=\"fusion-li-icon fa-utensils fas\" aria-hidden=\"true\"><\/i><\/span><div class=\"fusion-li-item-content\">\n<p><span style=\"color: #ffffff;\"><strong>Your breakfast from 7.30am to 9am will consist of:<\/strong> bread, yoghurt, home made jams and brioche, fruit juice over a coffee, tea or chocolate.<\/span><\/p>\n<\/div><\/li><li class=\"fusion-li-item\" style=\"\"><span class=\"icon-wrapper circle-no\"><i class=\"fusion-li-icon fa-utensils fas\" aria-hidden=\"true\"><\/i><\/span><div class=\"fusion-li-item-content\">\n<p><span style=\"color: #ffffff;\"><strong>Dinner is served for 19:30:<\/strong> Starter, main course, cheese from the region, and dessert.<\/span><\/p>\n<\/div><\/li><li class=\"fusion-li-item\" style=\"\"><span class=\"icon-wrapper circle-no\"><i class=\"fusion-li-icon fa-utensils fas\" aria-hidden=\"true\"><\/i><\/span><div class=\"fusion-li-item-content\">\n<p><span style=\"color: #ffffff;\">A picnic basket can be proposed (to be ordered the day before).\u00a0<\/span><\/p>\n<\/div><\/li><li class=\"fusion-li-item\" style=\"\"><span class=\"icon-wrapper circle-no\"><i class=\"fusion-li-icon fa-wine-glass-alt fas\" aria-hidden=\"true\"><\/i><\/span><div class=\"fusion-li-item-content\">\n<p><span style=\"color: #ffffff;\">We offer a wide choice of drinks to consume in the garden or during the meal.<\/span><\/p>\n<\/div><\/li><\/ul><div class=\"fusion-clearfix\"><\/div><\/div><\/div><div class=\"fusion-layout-column fusion_builder_column fusion-builder-column-3 fusion_builder_column_1_1 1_1 fusion-one-full fusion-column-first fusion-column-last\" style=\"--awb-bg-size:cover;\"><div class=\"fusion-column-wrapper fusion-column-has-shadow fusion-flex-column-wrapper-legacy\"><div class=\"fusion-clearfix\"><\/div><\/div><\/div><\/div><\/div><div class=\"fusion-fullwidth fullwidth-box fusion-builder-row-3 nonhundred-percent-fullwidth non-hundred-percent-height-scrolling\" style=\"--awb-border-radius-top-left:0px;--awb-border-radius-top-right:0px;--awb-border-radius-bottom-right:0px;--awb-border-radius-bottom-left:0px;--awb-flex-wrap:wrap;\" ><div class=\"fusion-builder-row fusion-row\"><div class=\"fusion-layout-column fusion_builder_column fusion-builder-column-4 fusion_builder_column_1_2 1_2 fusion-one-half fusion-column-first fusion-animated\" style=\"--awb-bg-size:cover;width:50%;width:calc(50% - ( ( 4% ) * 0.5 ) );margin-right: 4%;\" data-animationType=\"fadeInUp\" data-animationDuration=\"0.8\" data-animationOffset=\"top-into-view\"><div class=\"fusion-column-wrapper fusion-flex-column-wrapper-legacy\"><div class=\"fusion-slider-sc fusion-flexslider-loading flexslider flexslider-hover-type-none\" data-slideshow_autoplay=\"1\" data-slideshow_smooth_height=\"0\" data-slideshow_speed=\"7000\" style=\"max-width:100%;height:100%;\"><ul class=\"slides\"><li class=\"image\"><span class=\"fusion-image-hover-element hover-type-none\"><img decoding=\"async\" src=\"https:\/\/gite-des-bartavelles.fr\/wp-content\/uploads\/2021\/06\/132882481_213711376956130_8606970847403926850_n.jpg\" width=\"1440\" height=\"960\" class=\"wp-image-5715\" srcset=\"https:\/\/gite-des-bartavelles.fr\/wp-content\/uploads\/2021\/06\/132882481_213711376956130_8606970847403926850_n-200x133.jpg 200w, https:\/\/gite-des-bartavelles.fr\/wp-content\/uploads\/2021\/06\/132882481_213711376956130_8606970847403926850_n-400x267.jpg 400w, https:\/\/gite-des-bartavelles.fr\/wp-content\/uploads\/2021\/06\/132882481_213711376956130_8606970847403926850_n-600x400.jpg 600w, https:\/\/gite-des-bartavelles.fr\/wp-content\/uploads\/2021\/06\/132882481_213711376956130_8606970847403926850_n-800x533.jpg 800w, https:\/\/gite-des-bartavelles.fr\/wp-content\/uploads\/2021\/06\/132882481_213711376956130_8606970847403926850_n-1200x800.jpg 1200w, https:\/\/gite-des-bartavelles.fr\/wp-content\/uploads\/2021\/06\/132882481_213711376956130_8606970847403926850_n.jpg 1440w\" sizes=\"(max-width: 800px) 100vw, 600px\" \/><\/span><\/li><li class=\"image\"><span class=\"fusion-image-hover-element hover-type-none\"><img decoding=\"async\" src=\"https:\/\/gite-des-bartavelles.fr\/wp-content\/uploads\/2020\/07\/gite4-9.jpg\" width=\"900\" height=\"600\" class=\"wp-image-5672\" srcset=\"https:\/\/gite-des-bartavelles.fr\/wp-content\/uploads\/2020\/07\/gite4-9-200x133.jpg 200w, https:\/\/gite-des-bartavelles.fr\/wp-content\/uploads\/2020\/07\/gite4-9-400x267.jpg 400w, https:\/\/gite-des-bartavelles.fr\/wp-content\/uploads\/2020\/07\/gite4-9-600x400.jpg 600w, https:\/\/gite-des-bartavelles.fr\/wp-content\/uploads\/2020\/07\/gite4-9-800x533.jpg 800w, https:\/\/gite-des-bartavelles.fr\/wp-content\/uploads\/2020\/07\/gite4-9.jpg 900w\" sizes=\"(max-width: 800px) 100vw, 600px\" \/><\/span><\/li><\/ul><\/div><div class=\"fusion-clearfix\"><\/div><\/div><\/div><div class=\"fusion-layout-column fusion_builder_column fusion-builder-column-5 fusion_builder_column_1_2 1_2 fusion-one-half fusion-column-last fusion-animated\" style=\"--awb-bg-size:cover;width:50%;width:calc(50% - ( ( 4% ) * 0.5 ) );\" data-animationType=\"fadeInUp\" data-animationDuration=\"0.8\" data-animationOffset=\"top-into-view\"><div class=\"fusion-column-wrapper fusion-flex-column-wrapper-legacy\"><div class=\"fusion-text fusion-text-3\"><p><span style=\"color: #ffffff;\">Some examples of menus:<\/span><\/p>\n<p><span style=\"color: #ffffff;\">Country sausage plate<\/span><br \/>\n<span style=\"color: #ffffff;\">Mice of lamb and its tourtons<\/span><br \/>\n<span style=\"color: #ffffff;\">Cheese country &#8211; Jausiero pie<\/span><\/p>\n<p><span style=\"color: #ffffff;\">Salted pie and salad<\/span><br \/>\n<span style=\"color: #ffffff;\">Coq au vin and its rice<\/span><br \/>\n<span style=\"color: #ffffff;\">Country cheese &#8211; Chocolate cake<\/span><\/p>\n<p><span style=\"color: #ffffff;\">Country sausage platter<\/span><br \/>\n<span style=\"color: #ffffff;\">Lemon and semolina chicken tajine<\/span><br \/>\n<span style=\"color: #ffffff;\">Country Cheese &#8211; Pineapple Cake<\/span><\/p>\n<p><span style=\"color: #ffffff;\">You are conquered?<\/span><br \/>\n<span style=\"color: #ffffff;\">Click<\/span> <a href=\"\/en\/book\/\"><span style=\"color: #e56d25;\">here<\/span><\/a> <span style=\"color: #ffffff;\">and come to spend an authentic stay at the lodging of Bartavelles!<\/span><\/p>\n<\/div><div class=\"fusion-clearfix\"><\/div><\/div><\/div><\/div><\/div><div class=\"fusion-fullwidth fullwidth-box fusion-builder-row-4 hundred-percent-fullwidth non-hundred-percent-height-scrolling fusion-equal-height-columns\" style=\"--awb-border-radius-top-left:0px;--awb-border-radius-top-right:0px;--awb-border-radius-bottom-right:0px;--awb-border-radius-bottom-left:0px;--awb-padding-top:20px;--awb-padding-bottom:10px;--awb-margin-top:0px;--awb-margin-bottom:0px;--awb-background-color:rgba(159,149,130,0.91);--awb-flex-wrap:wrap;\" ><div class=\"fusion-builder-row fusion-row\"><div class=\"fusion-layout-column fusion_builder_column fusion-builder-column-6 fusion_builder_column_1_2 1_2 fusion-one-half fusion-column-first\" style=\"--awb-bg-size:cover;width:50%;width:calc(50% - ( ( 4% ) * 0.5 ) );margin-right: 4%;\"><div class=\"fusion-column-wrapper fusion-flex-column-wrapper-legacy\"><div class=\"fusion-column-content-centered\"><div class=\"fusion-column-content\"><div class=\"fusion-text fusion-text-4\"><h4 style=\"text-align: right;\"><span style=\"color: #ffffff;\">For more information<\/span><\/h4>\n<h4 style=\"text-align: right;\"><span style=\"color: #ffffff;\">contact us at<\/span><\/h4>\n<h4 style=\"text-align: right;\"><span style=\"color: #ffffff;\">+33 7 49 100 366 or by e-mail<\/span><\/h4>\n<\/div><\/div><\/div><div class=\"fusion-clearfix\"><\/div><\/div><\/div><div class=\"fusion-layout-column fusion_builder_column fusion-builder-column-7 fusion_builder_column_1_2 1_2 fusion-one-half fusion-column-last\" style=\"--awb-bg-size:cover;--awb-margin-bottom:0px;width:50%;width:calc(50% - ( ( 4% ) * 0.5 ) );\"><div class=\"fusion-column-wrapper fusion-flex-column-wrapper-legacy\"><div class=\"fusion-column-content-centered\"><div class=\"fusion-column-content\"><div class=\"fusion-builder-row fusion-builder-row-inner fusion-row\"><div class=\"fusion-layout-column fusion_builder_column_inner fusion-builder-nested-column-0 fusion_builder_column_inner_1_5 1_5 fusion-one-fifth fusion-column-first\" style=\"--awb-bg-size:cover;--awb-margin-bottom:0px;width:20%;width:calc(20% - ( ( 4% ) * 0.2 ) );margin-right: 4%;\"><div class=\"fusion-column-wrapper fusion-flex-column-wrapper-legacy\"><div class=\"fusion-column-content-centered\"><div class=\"fusion-column-content\"><div class=\"fusion-fa-align-center\"><i class=\"fb-icon-element-1 fb-icon-element fontawesome-icon fa-chevron-right fas circle-no\" style=\"--awb-iconcolor:#e56d25;--awb-iconcolor-hover:#e56d25;--awb-font-size:75px;--awb-margin-top:15px;\"><\/i><\/div><\/div><\/div><div class=\"fusion-clearfix\"><\/div><\/div><\/div><div class=\"fusion-layout-column fusion_builder_column_inner fusion-builder-nested-column-1 fusion_builder_column_inner_4_5 4_5 fusion-four-fifth fusion-column-last\" style=\"--awb-bg-size:cover;--awb-margin-top:5px;--awb-margin-bottom:0px;width:80%;width:calc(80% - ( ( 4% ) * 0.8 ) );\"><div class=\"fusion-column-wrapper fusion-flex-column-wrapper-legacy\"><div class=\"fusion-column-content-centered\"><div class=\"fusion-column-content\"><div class=\"fusion-align-block\"><a class=\"fusion-button button-flat button-xlarge button-custom fusion-button-default button-1 fusion-button-span-yes fusion-button-default-type\" style=\"--button_accent_color:#ffffff;--button_accent_hover_color:#e56d25;--button_border_hover_color:#e56d25;--button_gradient_top_color:#e56d25;--button_gradient_bottom_color:#e56d25;--button_gradient_top_color_hover:#ffffff;--button_gradient_bottom_color_hover:#ffffff;\" target=\"_self\" href=\"\/en\/contact\/\"><i class=\"fa-envelope far button-icon-left\" aria-hidden=\"true\"><\/i><span class=\"fusion-button-text\">CONTACT US<\/span><\/a><\/div><\/div><\/div><div class=\"fusion-clearfix\"><\/div><\/div><\/div><\/div><\/div><\/div><div class=\"fusion-clearfix\"><\/div><\/div><\/div><\/div><\/div><\/p>\n","protected":false},"excerpt":{"rendered":"","protected":false},"author":1,"featured_media":0,"parent":0,"menu_order":0,"comment_status":"closed","ping_status":"closed","template":"100-width.php","meta":{"footnotes":""},"class_list":["post-5108","page","type-page","status-publish","hentry"],"yoast_head":"<!-- This site is optimized with the Yoast SEO plugin v23.5 - https:\/\/yoast.com\/wordpress\/plugins\/seo\/ -->\n<title>Our table - Les Bartavelles - G\u00eete et Chambres d\u2019h\u00f4tes \u00e0 Jausiers dans la Vall\u00e9e de l&#039;Ubaye (Barcelonnette)<\/title>\n<meta name=\"robots\" content=\"index, follow, max-snippet:-1, max-image-preview:large, max-video-preview:-1\" \/>\n<link rel=\"canonical\" href=\"https:\/\/gite-des-bartavelles.fr\/en\/our-table\/\" \/>\n<meta property=\"og:locale\" content=\"en_US\" \/>\n<meta property=\"og:type\" content=\"article\" \/>\n<meta property=\"og:title\" content=\"Our table - Les Bartavelles - G\u00eete et Chambres d\u2019h\u00f4tes \u00e0 Jausiers dans la Vall\u00e9e de l&#039;Ubaye (Barcelonnette)\" \/>\n<meta property=\"og:url\" content=\"https:\/\/gite-des-bartavelles.fr\/en\/our-table\/\" \/>\n<meta property=\"og:site_name\" content=\"Les Bartavelles - G\u00eete et Chambres d\u2019h\u00f4tes \u00e0 Jausiers dans la Vall\u00e9e de l&#039;Ubaye (Barcelonnette)\" \/>\n<meta property=\"article:modified_time\" content=\"2025-03-28T14:31:27+00:00\" \/>\n<meta name=\"twitter:card\" content=\"summary_large_image\" \/>\n<meta name=\"twitter:label1\" content=\"Est. reading time\" \/>\n\t<meta name=\"twitter:data1\" content=\"2 minutes\" \/>\n<script type=\"application\/ld+json\" class=\"yoast-schema-graph\">{\"@context\":\"https:\/\/schema.org\",\"@graph\":[{\"@type\":\"WebPage\",\"@id\":\"https:\/\/gite-des-bartavelles.fr\/en\/our-table\/\",\"url\":\"https:\/\/gite-des-bartavelles.fr\/en\/our-table\/\",\"name\":\"Our table - Les Bartavelles - G\u00eete et Chambres d\u2019h\u00f4tes \u00e0 Jausiers dans la Vall\u00e9e de l&#039;Ubaye (Barcelonnette)\",\"isPartOf\":{\"@id\":\"https:\/\/gite-des-bartavelles.fr\/#website\"},\"datePublished\":\"2019-03-18T10:54:22+00:00\",\"dateModified\":\"2025-03-28T14:31:27+00:00\",\"breadcrumb\":{\"@id\":\"https:\/\/gite-des-bartavelles.fr\/en\/our-table\/#breadcrumb\"},\"inLanguage\":\"en-US\",\"potentialAction\":[{\"@type\":\"ReadAction\",\"target\":[\"https:\/\/gite-des-bartavelles.fr\/en\/our-table\/\"]}]},{\"@type\":\"BreadcrumbList\",\"@id\":\"https:\/\/gite-des-bartavelles.fr\/en\/our-table\/#breadcrumb\",\"itemListElement\":[{\"@type\":\"ListItem\",\"position\":1,\"name\":\"Accueil\",\"item\":\"https:\/\/gite-des-bartavelles.fr\/\"},{\"@type\":\"ListItem\",\"position\":2,\"name\":\"Our table\"}]},{\"@type\":\"WebSite\",\"@id\":\"https:\/\/gite-des-bartavelles.fr\/#website\",\"url\":\"https:\/\/gite-des-bartavelles.fr\/\",\"name\":\"Les Bartavelles - G\u00eete et Chambres d\u2019h\u00f4tes \u00e0 Jausiers dans la Vall\u00e9e de l&#039;Ubaye (Barcelonnette)\",\"description\":\"Les Bartavelles - G\u00eete et Chambres d\u2019h\u00f4tes \u00e0 Jausiers dans la Vall\u00e9e de l&#039;Ubaye (Barcelonnette)\",\"potentialAction\":[{\"@type\":\"SearchAction\",\"target\":{\"@type\":\"EntryPoint\",\"urlTemplate\":\"https:\/\/gite-des-bartavelles.fr\/?s={search_term_string}\"},\"query-input\":{\"@type\":\"PropertyValueSpecification\",\"valueRequired\":true,\"valueName\":\"search_term_string\"}}],\"inLanguage\":\"en-US\"}]}<\/script>\n<!-- \/ Yoast SEO plugin. -->","yoast_head_json":{"title":"Our table - Les Bartavelles - G\u00eete et Chambres d\u2019h\u00f4tes \u00e0 Jausiers dans la Vall\u00e9e de l&#039;Ubaye (Barcelonnette)","robots":{"index":"index","follow":"follow","max-snippet":"max-snippet:-1","max-image-preview":"max-image-preview:large","max-video-preview":"max-video-preview:-1"},"canonical":"https:\/\/gite-des-bartavelles.fr\/en\/our-table\/","og_locale":"en_US","og_type":"article","og_title":"Our table - Les Bartavelles - G\u00eete et Chambres d\u2019h\u00f4tes \u00e0 Jausiers dans la Vall\u00e9e de l&#039;Ubaye (Barcelonnette)","og_url":"https:\/\/gite-des-bartavelles.fr\/en\/our-table\/","og_site_name":"Les Bartavelles - G\u00eete et Chambres d\u2019h\u00f4tes \u00e0 Jausiers dans la Vall\u00e9e de l&#039;Ubaye (Barcelonnette)","article_modified_time":"2025-03-28T14:31:27+00:00","twitter_card":"summary_large_image","twitter_misc":{"Est. reading time":"2 minutes"},"schema":{"@context":"https:\/\/schema.org","@graph":[{"@type":"WebPage","@id":"https:\/\/gite-des-bartavelles.fr\/en\/our-table\/","url":"https:\/\/gite-des-bartavelles.fr\/en\/our-table\/","name":"Our table - Les Bartavelles - G\u00eete et Chambres d\u2019h\u00f4tes \u00e0 Jausiers dans la Vall\u00e9e de l&#039;Ubaye (Barcelonnette)","isPartOf":{"@id":"https:\/\/gite-des-bartavelles.fr\/#website"},"datePublished":"2019-03-18T10:54:22+00:00","dateModified":"2025-03-28T14:31:27+00:00","breadcrumb":{"@id":"https:\/\/gite-des-bartavelles.fr\/en\/our-table\/#breadcrumb"},"inLanguage":"en-US","potentialAction":[{"@type":"ReadAction","target":["https:\/\/gite-des-bartavelles.fr\/en\/our-table\/"]}]},{"@type":"BreadcrumbList","@id":"https:\/\/gite-des-bartavelles.fr\/en\/our-table\/#breadcrumb","itemListElement":[{"@type":"ListItem","position":1,"name":"Accueil","item":"https:\/\/gite-des-bartavelles.fr\/"},{"@type":"ListItem","position":2,"name":"Our table"}]},{"@type":"WebSite","@id":"https:\/\/gite-des-bartavelles.fr\/#website","url":"https:\/\/gite-des-bartavelles.fr\/","name":"Les Bartavelles - G\u00eete et Chambres d\u2019h\u00f4tes \u00e0 Jausiers dans la Vall\u00e9e de l&#039;Ubaye (Barcelonnette)","description":"Les Bartavelles - G\u00eete et Chambres d\u2019h\u00f4tes \u00e0 Jausiers dans la Vall\u00e9e de l&#039;Ubaye (Barcelonnette)","potentialAction":[{"@type":"SearchAction","target":{"@type":"EntryPoint","urlTemplate":"https:\/\/gite-des-bartavelles.fr\/?s={search_term_string}"},"query-input":{"@type":"PropertyValueSpecification","valueRequired":true,"valueName":"search_term_string"}}],"inLanguage":"en-US"}]}},"_links":{"self":[{"href":"https:\/\/gite-des-bartavelles.fr\/en\/wp-json\/wp\/v2\/pages\/5108\/"}],"collection":[{"href":"https:\/\/gite-des-bartavelles.fr\/en\/wp-json\/wp\/v2\/pages\/"}],"about":[{"href":"https:\/\/gite-des-bartavelles.fr\/en\/wp-json\/wp\/v2\/types\/page\/"}],"author":[{"embeddable":true,"href":"https:\/\/gite-des-bartavelles.fr\/en\/wp-json\/wp\/v2\/users\/1\/"}],"replies":[{"embeddable":true,"href":"https:\/\/gite-des-bartavelles.fr\/en\/wp-json\/wp\/v2\/comments\/?post=5108"}],"version-history":[{"count":24,"href":"https:\/\/gite-des-bartavelles.fr\/en\/wp-json\/wp\/v2\/pages\/5108\/revisions\/"}],"predecessor-version":[{"id":6728,"href":"https:\/\/gite-des-bartavelles.fr\/en\/wp-json\/wp\/v2\/pages\/5108\/revisions\/6728\/"}],"wp:attachment":[{"href":"https:\/\/gite-des-bartavelles.fr\/en\/wp-json\/wp\/v2\/media\/?parent=5108"}],"curies":[{"name":"wp","href":"https:\/\/api.w.org\/{rel}","templated":true}]}}